{"id":21,"date":"2024-08-02T12:57:40","date_gmt":"2024-08-02T10:57:40","guid":{"rendered":"http:\/\/liftfuture.com\/?page_id=21"},"modified":"2024-08-05T12:56:44","modified_gmt":"2024-08-05T10:56:44","slug":"wycinanie-laserem","status":"publish","type":"page","link":"http:\/\/liftfuture.com\/?page_id=21","title":{"rendered":"Wycinanie laserem"},"content":{"rendered":"\t\t<div data-elementor-type=\"wp-page\" data-elementor-id=\"21\" class=\"elementor elementor-21\">\n\t\t\t\t<div class=\"elementor-element elementor-element-fb5a468 e-grid e-con-boxed e-con e-parent\" data-id=\"fb5a468\" data-element_type=\"container\">\n\t\t\t\t\t<div class=\"e-con-inner\">\n\t\t\t\t<div class=\"elementor-element elementor-element-16535f7 elementor-widget elementor-widget-image\" data-id=\"16535f7\" data-element_type=\"widget\" data-widget_type=\"image.default\">\n\t\t\t\t<div class=\"elementor-widget-container\">\n\t\t\t<style>\/*! elementor - v3.23.0 - 25-07-2024 *\/\n.elementor-widget-image{text-align:center}.elementor-widget-image a{display:inline-block}.elementor-widget-image a img[src$=\".svg\"]{width:48px}.elementor-widget-image img{vertical-align:middle;display:inline-block}<\/style>\t\t\t\t\t\t\t\t\t\t<img fetchpriority=\"high\" decoding=\"async\" width=\"280\" height=\"199\" src=\"http:\/\/liftfuture.com\/wp-content\/uploads\/2024\/08\/wycinek.jpg\" class=\"attachment-large size-large wp-image-64\" alt=\"\" \/>\t\t\t\t\t\t\t\t\t\t\t\t\t<\/div>\n\t\t\t\t<\/div>\n\t\t\t\t<div class=\"elementor-element elementor-element-4d66b60 elementor-widget elementor-widget-text-editor\" data-id=\"4d66b60\" data-element_type=\"widget\" data-widget_type=\"text-editor.default\">\n\t\t\t\t<div class=\"elementor-widget-container\">\n\t\t\t<style>\/*! elementor - v3.23.0 - 25-07-2024 *\/\n.elementor-widget-text-editor.elementor-drop-cap-view-stacked .elementor-drop-cap{background-color:#69727d;color:#fff}.elementor-widget-text-editor.elementor-drop-cap-view-framed .elementor-drop-cap{color:#69727d;border:3px solid;background-color:transparent}.elementor-widget-text-editor:not(.elementor-drop-cap-view-default) .elementor-drop-cap{margin-top:8px}.elementor-widget-text-editor:not(.elementor-drop-cap-view-default) .elementor-drop-cap-letter{width:1em;height:1em}.elementor-widget-text-editor .elementor-drop-cap{float:left;text-align:center;line-height:1;font-size:50px}.elementor-widget-text-editor .elementor-drop-cap-letter{display:inline-block}<\/style>\t\t\t\t<h1>Czym jest wycinanie laserowe<\/h1><p>Nowoczesna us\u0142uga pozwalaj\u0105ca na uzyskanie odpowiednich kszta\u0142t\u00f3w z blachy to <strong>wycinanie laserowe<\/strong>. W czasie procesu wykorzystywana jest wi\u0105zka laserowa. Laser doprowadza do miejscowego topnienia i rozdzielania si\u0119 materia\u0142u. Proces ten wymaga u\u017cycia specjalistycznych urz\u0105dze\u0144 i to w r\u00f3\u017cnych pozycjach.<\/p>\t\t\t\t\t\t<\/div>\n\t\t\t\t<\/div>\n\t\t\t\t\t<\/div>\n\t\t\t\t<\/div>\n\t\t<div class=\"elementor-element elementor-element-cd3f61a e-grid e-con-boxed e-con e-parent\" data-id=\"cd3f61a\" data-element_type=\"container\">\n\t\t\t\t\t<div class=\"e-con-inner\">\n\t\t\t\t<div class=\"elementor-element elementor-element-6a66e88 elementor-widget elementor-widget-text-editor\" data-id=\"6a66e88\" data-element_type=\"widget\" data-widget_type=\"text-editor.default\">\n\t\t\t\t<div class=\"elementor-widget-container\">\n\t\t\t\t\t\t\t<p><strong>Korzy\u015bci laserowego wycinania:<\/strong><\/p><ul><li>precyzja ci\u0119cia<\/li><li>czysta i g\u0142adka powierzchnia<\/li><li>elastyczno\u015b\u0107 procesu ci\u0119cia<\/li><li>w\u0105ska szczelina ci\u0119cia<\/li><\/ul>\t\t\t\t\t\t<\/div>\n\t\t\t\t<\/div>\n\t\t\t\t<div class=\"elementor-element elementor-element-ce85da2 elementor-widget elementor-widget-image\" data-id=\"ce85da2\" data-element_type=\"widget\" data-widget_type=\"image.default\">\n\t\t\t\t<div class=\"elementor-widget-container\">\n\t\t\t\t\t\t\t\t\t\t\t\t\t<img decoding=\"async\" width=\"280\" height=\"200\" src=\"http:\/\/liftfuture.com\/wp-content\/uploads\/2024\/08\/Projekt-bez-nazwy13.png\" class=\"attachment-large size-large wp-image-66\" alt=\"\" \/>\t\t\t\t\t\t\t\t\t\t\t\t\t<\/div>\n\t\t\t\t<\/div>\n\t\t\t\t\t<\/div>\n\t\t\t\t<\/div>\n\t\t<div class=\"elementor-element elementor-element-3d53fc6 e-flex e-con-boxed e-con e-parent\" data-id=\"3d53fc6\" data-element_type=\"container\">\n\t\t\t\t\t<div class=\"e-con-inner\">\n\t\t\t\t<div class=\"elementor-element elementor-element-e5e44a4 elementor-widget elementor-widget-text-editor\" data-id=\"e5e44a4\" data-element_type=\"widget\" data-widget_type=\"text-editor.default\">\n\t\t\t\t<div class=\"elementor-widget-container\">\n\t\t\t\t\t\t\t<p>Oferowane przez nas wycinanie za pomoc\u0105 lasera odznacza si\u0119 <strong>wysok\u0105 jako\u015bci\u0105<\/strong> i <strong>dok\u0142adno\u015bci\u0105<\/strong>. W pracy wykorzystujemy wy\u0142\u0105cznie <strong>najwy\u017csz\u0105 technologi\u0119<\/strong>. Podejmujemy si\u0119 wycinania skomplikowanych kszta\u0142t\u00f3w z blachy. Czynimy to w wysokich nak\u0142adach, jak i pojedynczych sztukach.<\/p><p>Nasza firma <strong>Chmielewski-laser<\/strong> stale si\u0119 rozwija, dlatego mo\u017cemy oferowa\u0107 Pa\u0144stwu szeroki zakres us\u0142ug wycinania za pomoc\u0105 lasera. Jako <strong>profesjonali\u015bci<\/strong> w bran\u017cy dostarczamy us\u0142ugi <strong>najwy\u017cszej<\/strong> jako\u015bci.<\/p>\t\t\t\t\t\t<\/div>\n\t\t\t\t<\/div>\n\t\t\t\t\t<\/div>\n\t\t\t\t<\/div>\n\t\t<div class=\"elementor-element elementor-element-6794264 e-flex e-con-boxed e-con e-parent\" data-id=\"6794264\" data-element_type=\"container\">\n\t\t\t\t\t<div class=\"e-con-inner\">\n\t\t\t\t<div class=\"elementor-element elementor-element-a02ab3f elementor-widget elementor-widget-spacer\" data-id=\"a02ab3f\" data-element_type=\"widget\" data-widget_type=\"spacer.default\">\n\t\t\t\t<div class=\"elementor-widget-container\">\n\t\t\t<style>\/*! elementor - v3.23.0 - 25-07-2024 *\/\n.elementor-column .elementor-spacer-inner{height:var(--spacer-size)}.e-con{--container-widget-width:100%}.e-con-inner>.elementor-widget-spacer,.e-con>.elementor-widget-spacer{width:var(--container-widget-width,var(--spacer-size));--align-self:var(--container-widget-align-self,initial);--flex-shrink:0}.e-con-inner>.elementor-widget-spacer>.elementor-widget-container,.e-con>.elementor-widget-spacer>.elementor-widget-container{height:100%;width:100%}.e-con-inner>.elementor-widget-spacer>.elementor-widget-container>.elementor-spacer,.e-con>.elementor-widget-spacer>.elementor-widget-container>.elementor-spacer{height:100%}.e-con-inner>.elementor-widget-spacer>.elementor-widget-container>.elementor-spacer>.elementor-spacer-inner,.e-con>.elementor-widget-spacer>.elementor-widget-container>.elementor-spacer>.elementor-spacer-inner{height:var(--container-widget-height,var(--spacer-size))}.e-con-inner>.elementor-widget-spacer.elementor-widget-empty,.e-con>.elementor-widget-spacer.elementor-widget-empty{position:relative;min-height:22px;min-width:22px}.e-con-inner>.elementor-widget-spacer.elementor-widget-empty .elementor-widget-empty-icon,.e-con>.elementor-widget-spacer.elementor-widget-empty .elementor-widget-empty-icon{position:absolute;top:0;bottom:0;left:0;right:0;margin:auto;padding:0;width:22px;height:22px}<\/style>\t\t<div class=\"elementor-spacer\">\n\t\t\t<div class=\"elementor-spacer-inner\"><\/div>\n\t\t<\/div>\n\t\t\t\t<\/div>\n\t\t\t\t<\/div>\n\t\t\t\t\t<\/div>\n\t\t\t\t<\/div>\n\t\t<div class=\"elementor-element elementor-element-cf3068e e-flex e-con-boxed e-con e-parent\" data-id=\"cf3068e\" data-element_type=\"container\">\n\t\t\t\t\t<div class=\"e-con-inner\">\n\t\t\t\t<div class=\"elementor-element elementor-element-4a586d2 elementor-widget elementor-widget-heading\" data-id=\"4a586d2\" data-element_type=\"widget\" data-widget_type=\"heading.default\">\n\t\t\t\t<div class=\"elementor-widget-container\">\n\t\t\t<style>\/*! elementor - v3.23.0 - 25-07-2024 *\/\n.elementor-heading-title{padding:0;margin:0;line-height:1}.elementor-widget-heading .elementor-heading-title[class*=elementor-size-]>a{color:inherit;font-size:inherit;line-height:inherit}.elementor-widget-heading .elementor-heading-title.elementor-size-small{font-size:15px}.elementor-widget-heading .elementor-heading-title.elementor-size-medium{font-size:19px}.elementor-widget-heading .elementor-heading-title.elementor-size-large{font-size:29px}.elementor-widget-heading .elementor-heading-title.elementor-size-xl{font-size:39px}.elementor-widget-heading .elementor-heading-title.elementor-size-xxl{font-size:59px}<\/style><h2 class=\"elementor-heading-title elementor-size-default\">Technologia laserowa<\/h2>\t\t<\/div>\n\t\t\t\t<\/div>\n\t\t\t\t\t<\/div>\n\t\t\t\t<\/div>\n\t\t<div class=\"elementor-element elementor-element-f064c0f e-flex e-con-boxed e-con e-parent\" data-id=\"f064c0f\" data-element_type=\"container\">\n\t\t\t\t\t<div class=\"e-con-inner\">\n\t\t\t\t<div class=\"elementor-element elementor-element-e326426 elementor-widget elementor-widget-text-editor\" data-id=\"e326426\" data-element_type=\"widget\" data-widget_type=\"text-editor.default\">\n\t\t\t\t<div class=\"elementor-widget-container\">\n\t\t\t\t\t\t\t<p>System <strong>TruLaser 3030<\/strong> jest wynikiem ci\u0105g\u0142ych i intensywnych bada\u0144 oraz rozwoju. W po\u0142\u0105czeniu precyzyjnej budowy maszyn z najnowszymi technologiami laserowymi i sterowania s\u0105 wybitne w swojej klasie.<\/p><p>System pracuje w my\u015bl techniki &#8220;<em>lataj\u0105cej optyki<\/em>&#8220;.<\/p><p>Zaawansowana mechanika i technologia laserowa, szybki system sterowania oraz doskona\u0142e wsparcie j\u0119zyka programowania <strong>TruTops<\/strong> s\u0105 tym co powoduje, i\u017c wycinarki laserowe <strong>TRUMPF<\/strong> ustanawiaj\u0105 standardy i zapewniaj\u0105 najwy\u017csz\u0105 jako\u015b\u0107 dla Twojego wyrobu.<\/p><p>Maszyny firmy <strong>TRUMPF<\/strong> oferuj\u0105 u\u017cytkownikowi szerok\u0105 gam\u0119 funkcji. Technologia specyficznie zaprojektowana dla maszyn <strong>TRUMPF<\/strong> zapewnia doskona\u0142e wyniki obr\u00f3bki laserowej.<\/p><p>Podstawowym zadaniem maszyny jest ci\u0119cie. Jednak \u017ar\u00f3d\u0142o lasera umo\u017cliwia du\u017co wi\u0119cej:<\/p><ul><li>znakowanie detali w celach identyfikacji<\/li><li>dodawanie centralnych punkt\u00f3w wykrawania na materiale<\/li><li>obr\u00f3bk\u0119 blach powlekanych foli\u0105<\/li><\/ul><p>Podstawowa zaleta koncepcji automatyzacji <strong>TruLaser 3030<\/strong> to modularno\u015b\u0107 konstrukcji. Dzi\u0119ki dost\u0119pno\u015bci du\u017cej ilo\u015bci komponent\u00f3w modularnego systemu automatyzacji, mo\u017cemy proponowa\u0107 naszym klientom rozwi\u0105zania dostosowane do ich szczeg\u00f3lnych potrzeb. Od p\u00f3\u0142automatycznego za\u0142adunku do w pe\u0142ni zautomatyzowanego systemu produkcyjnego.<\/p>\t\t\t\t\t\t<\/div>\n\t\t\t\t<\/div>\n\t\t\t\t\t<\/div>\n\t\t\t\t<\/div>\n\t\t<div class=\"elementor-element elementor-element-fb90461 e-flex e-con-boxed e-con e-parent\" data-id=\"fb90461\" data-element_type=\"container\">\n\t\t\t\t\t<div class=\"e-con-inner\">\n\t\t\t\t<div class=\"elementor-element elementor-element-9b73029 elementor-widget elementor-widget-text-editor\" data-id=\"9b73029\" data-element_type=\"widget\" data-widget_type=\"text-editor.default\">\n\t\t\t\t<div class=\"elementor-widget-container\">\n\t\t\t\t\t\t\t<p>Oferujemy obr\u00f3bk\u0119 blachy o wymiarach <em>3000 x 1500<\/em> mm o grubo\u015bci:<\/p>\t\t\t\t\t\t<\/div>\n\t\t\t\t<\/div>\n\t\t\t\t\t<\/div>\n\t\t\t\t<\/div>\n\t\t<div class=\"elementor-element elementor-element-d15120c e-flex e-con-boxed e-con e-parent\" data-id=\"d15120c\" data-element_type=\"container\">\n\t\t\t\t\t<div class=\"e-con-inner\">\n\t\t\t\t<div class=\"elementor-element elementor-element-61d3092 elementor-widget elementor-widget-text-editor\" data-id=\"61d3092\" data-element_type=\"widget\" data-widget_type=\"text-editor.default\">\n\t\t\t\t<div class=\"elementor-widget-container\">\n\t\t\t\t\t\t\t<ul><li>20 mm (stal konstrukcyjna)<\/li><li>15 mm (stal szlachetna)<\/li><li>10 mm (aluminium)<\/li><\/ul>\t\t\t\t\t\t<\/div>\n\t\t\t\t<\/div>\n\t\t\t\t\t<\/div>\n\t\t\t\t<\/div>\n\t\t<div class=\"elementor-element elementor-element-428f588 e-flex e-con-boxed e-con e-parent\" data-id=\"428f588\" data-element_type=\"container\">\n\t\t\t\t\t<div class=\"e-con-inner\">\n\t\t\t\t<div class=\"elementor-element elementor-element-d88e9bb elementor-widget elementor-widget-image\" data-id=\"d88e9bb\" data-element_type=\"widget\" data-widget_type=\"image.default\">\n\t\t\t\t<div class=\"elementor-widget-container\">\n\t\t\t\t\t\t\t\t\t\t<figure class=\"wp-caption\">\n\t\t\t\t\t\t\t\t\t\t<img decoding=\"async\" width=\"540\" height=\"405\" src=\"http:\/\/liftfuture.com\/wp-content\/uploads\/2024\/08\/TruLaser-3030-540x405-1.jpg\" class=\"attachment-large size-large wp-image-67\" alt=\"\" srcset=\"http:\/\/liftfuture.com\/wp-content\/uploads\/2024\/08\/TruLaser-3030-540x405-1.jpg 540w, http:\/\/liftfuture.com\/wp-content\/uploads\/2024\/08\/TruLaser-3030-540x405-1-300x225.jpg 300w, http:\/\/liftfuture.com\/wp-content\/uploads\/2024\/08\/TruLaser-3030-540x405-1-400x300.jpg 400w\" sizes=\"(max-width: 540px) 100vw, 540px\" \/>\t\t\t\t\t\t\t\t\t\t\t<figcaption class=\"widget-image-caption wp-caption-text\">Wycinarka laserowa TRUMPF Tru Laser 3030<\/figcaption>\n\t\t\t\t\t\t\t\t\t\t<\/figure>\n\t\t\t\t\t\t\t<\/div>\n\t\t\t\t<\/div>\n\t\t\t\t\t<\/div>\n\t\t\t\t<\/div>\n\t\t\t\t<\/div>\n\t\t","protected":false},"excerpt":{"rendered":"<p>Czym jest wycinanie laserowe Nowoczesna us\u0142uga pozwalaj\u0105ca na uzyskanie odpowiednich kszta\u0142t\u00f3w z blachy to wycinanie laserowe. W czasie procesu wykorzystywana jest wi\u0105zka laserowa. Laser doprowadza do miejscowego topnienia i rozdzielania si\u0119 materia\u0142u. Proces ten wymaga u\u017cycia specjalistycznych urz\u0105dze\u0144 i to &hellip; <a href=\"http:\/\/liftfuture.com\/?page_id=21\">Continue reading <span class=\"meta-nav\">&rarr;<\/span><\/a><\/p>\n","protected":false},"author":2,"featured_media":0,"parent":0,"menu_order":0,"comment_status":"closed","ping_status":"closed","template":"","meta":{"footnotes":""},"class_list":["post-21","page","type-page","status-publish","hentry"],"yoast_head":"<!-- This site is optimized with the Yoast SEO plugin v23.1 - https:\/\/yoast.com\/wordpress\/plugins\/seo\/ -->\n<title>Wycinanie laserem - Chmielewski-laser.pl<\/title>\n<meta name=\"robots\" content=\"index, follow, max-snippet:-1, max-image-preview:large, max-video-preview:-1\" \/>\n<link rel=\"canonical\" href=\"http:\/\/liftfuture.com\/?page_id=21\" \/>\n<meta property=\"og:locale\" content=\"en_US\" \/>\n<meta property=\"og:type\" content=\"article\" \/>\n<meta property=\"og:title\" content=\"Wycinanie laserem - Chmielewski-laser.pl\" \/>\n<meta property=\"og:description\" content=\"Czym jest wycinanie laserowe Nowoczesna us\u0142uga pozwalaj\u0105ca na uzyskanie odpowiednich kszta\u0142t\u00f3w z blachy to wycinanie laserowe. W czasie procesu wykorzystywana jest wi\u0105zka laserowa. Laser doprowadza do miejscowego topnienia i rozdzielania si\u0119 materia\u0142u. Proces ten wymaga u\u017cycia specjalistycznych urz\u0105dze\u0144 i to &hellip; Continue reading &rarr;\" \/>\n<meta property=\"og:url\" content=\"http:\/\/liftfuture.com\/?page_id=21\" \/>\n<meta property=\"og:site_name\" content=\"Chmielewski-laser.pl\" \/>\n<meta property=\"article:modified_time\" content=\"2024-08-05T10:56:44+00:00\" \/>\n<meta property=\"og:image\" content=\"http:\/\/liftfuture.com\/wp-content\/uploads\/2024\/08\/wycinek.jpg\" \/>\n<meta name=\"twitter:card\" content=\"summary_large_image\" \/>\n<meta name=\"twitter:label1\" content=\"Est. reading time\" \/>\n\t<meta name=\"twitter:data1\" content=\"3 minutes\" \/>\n<script type=\"application\/ld+json\" class=\"yoast-schema-graph\">{\"@context\":\"https:\/\/schema.org\",\"@graph\":[{\"@type\":\"WebPage\",\"@id\":\"http:\/\/liftfuture.com\/?page_id=21\",\"url\":\"http:\/\/liftfuture.com\/?page_id=21\",\"name\":\"Wycinanie laserem - Chmielewski-laser.pl\",\"isPartOf\":{\"@id\":\"http:\/\/liftfuture.com\/#website\"},\"primaryImageOfPage\":{\"@id\":\"http:\/\/liftfuture.com\/?page_id=21#primaryimage\"},\"image\":{\"@id\":\"http:\/\/liftfuture.com\/?page_id=21#primaryimage\"},\"thumbnailUrl\":\"http:\/\/liftfuture.com\/wp-content\/uploads\/2024\/08\/wycinek.jpg\",\"datePublished\":\"2024-08-02T10:57:40+00:00\",\"dateModified\":\"2024-08-05T10:56:44+00:00\",\"breadcrumb\":{\"@id\":\"http:\/\/liftfuture.com\/?page_id=21#breadcrumb\"},\"inLanguage\":\"en-US\",\"potentialAction\":[{\"@type\":\"ReadAction\",\"target\":[\"http:\/\/liftfuture.com\/?page_id=21\"]}]},{\"@type\":\"ImageObject\",\"inLanguage\":\"en-US\",\"@id\":\"http:\/\/liftfuture.com\/?page_id=21#primaryimage\",\"url\":\"http:\/\/liftfuture.com\/wp-content\/uploads\/2024\/08\/wycinek.jpg\",\"contentUrl\":\"http:\/\/liftfuture.com\/wp-content\/uploads\/2024\/08\/wycinek.jpg\",\"width\":280,\"height\":199},{\"@type\":\"BreadcrumbList\",\"@id\":\"http:\/\/liftfuture.com\/?page_id=21#breadcrumb\",\"itemListElement\":[{\"@type\":\"ListItem\",\"position\":1,\"name\":\"Home\",\"item\":\"http:\/\/liftfuture.com\/\"},{\"@type\":\"ListItem\",\"position\":2,\"name\":\"Wycinanie laserem\"}]},{\"@type\":\"WebSite\",\"@id\":\"http:\/\/liftfuture.com\/#website\",\"url\":\"http:\/\/liftfuture.com\/\",\"name\":\"Chmielewski-laser.pl\",\"description\":\"\",\"potentialAction\":[{\"@type\":\"SearchAction\",\"target\":{\"@type\":\"EntryPoint\",\"urlTemplate\":\"http:\/\/liftfuture.com\/?s={search_term_string}\"},\"query-input\":\"required name=search_term_string\"}],\"inLanguage\":\"en-US\"}]}<\/script>\n<!-- \/ Yoast SEO plugin. -->","yoast_head_json":{"title":"Wycinanie laserem - Chmielewski-laser.pl","robots":{"index":"index","follow":"follow","max-snippet":"max-snippet:-1","max-image-preview":"max-image-preview:large","max-video-preview":"max-video-preview:-1"},"canonical":"http:\/\/liftfuture.com\/?page_id=21","og_locale":"en_US","og_type":"article","og_title":"Wycinanie laserem - Chmielewski-laser.pl","og_description":"Czym jest wycinanie laserowe Nowoczesna us\u0142uga pozwalaj\u0105ca na uzyskanie odpowiednich kszta\u0142t\u00f3w z blachy to wycinanie laserowe. W czasie procesu wykorzystywana jest wi\u0105zka laserowa. Laser doprowadza do miejscowego topnienia i rozdzielania si\u0119 materia\u0142u. Proces ten wymaga u\u017cycia specjalistycznych urz\u0105dze\u0144 i to &hellip; Continue reading &rarr;","og_url":"http:\/\/liftfuture.com\/?page_id=21","og_site_name":"Chmielewski-laser.pl","article_modified_time":"2024-08-05T10:56:44+00:00","og_image":[{"url":"http:\/\/liftfuture.com\/wp-content\/uploads\/2024\/08\/wycinek.jpg"}],"twitter_card":"summary_large_image","twitter_misc":{"Est. reading time":"3 minutes"},"schema":{"@context":"https:\/\/schema.org","@graph":[{"@type":"WebPage","@id":"http:\/\/liftfuture.com\/?page_id=21","url":"http:\/\/liftfuture.com\/?page_id=21","name":"Wycinanie laserem - Chmielewski-laser.pl","isPartOf":{"@id":"http:\/\/liftfuture.com\/#website"},"primaryImageOfPage":{"@id":"http:\/\/liftfuture.com\/?page_id=21#primaryimage"},"image":{"@id":"http:\/\/liftfuture.com\/?page_id=21#primaryimage"},"thumbnailUrl":"http:\/\/liftfuture.com\/wp-content\/uploads\/2024\/08\/wycinek.jpg","datePublished":"2024-08-02T10:57:40+00:00","dateModified":"2024-08-05T10:56:44+00:00","breadcrumb":{"@id":"http:\/\/liftfuture.com\/?page_id=21#breadcrumb"},"inLanguage":"en-US","potentialAction":[{"@type":"ReadAction","target":["http:\/\/liftfuture.com\/?page_id=21"]}]},{"@type":"ImageObject","inLanguage":"en-US","@id":"http:\/\/liftfuture.com\/?page_id=21#primaryimage","url":"http:\/\/liftfuture.com\/wp-content\/uploads\/2024\/08\/wycinek.jpg","contentUrl":"http:\/\/liftfuture.com\/wp-content\/uploads\/2024\/08\/wycinek.jpg","width":280,"height":199},{"@type":"BreadcrumbList","@id":"http:\/\/liftfuture.com\/?page_id=21#breadcrumb","itemListElement":[{"@type":"ListItem","position":1,"name":"Home","item":"http:\/\/liftfuture.com\/"},{"@type":"ListItem","position":2,"name":"Wycinanie laserem"}]},{"@type":"WebSite","@id":"http:\/\/liftfuture.com\/#website","url":"http:\/\/liftfuture.com\/","name":"Chmielewski-laser.pl","description":"","potentialAction":[{"@type":"SearchAction","target":{"@type":"EntryPoint","urlTemplate":"http:\/\/liftfuture.com\/?s={search_term_string}"},"query-input":"required name=search_term_string"}],"inLanguage":"en-US"}]}},"_links":{"self":[{"href":"http:\/\/liftfuture.com\/index.php?rest_route=\/wp\/v2\/pages\/21","targetHints":{"allow":["GET"]}}],"collection":[{"href":"http:\/\/liftfuture.com\/index.php?rest_route=\/wp\/v2\/pages"}],"about":[{"href":"http:\/\/liftfuture.com\/index.php?rest_route=\/wp\/v2\/types\/page"}],"author":[{"embeddable":true,"href":"http:\/\/liftfuture.com\/index.php?rest_route=\/wp\/v2\/users\/2"}],"replies":[{"embeddable":true,"href":"http:\/\/liftfuture.com\/index.php?rest_route=%2Fwp%2Fv2%2Fcomments&post=21"}],"version-history":[{"count":12,"href":"http:\/\/liftfuture.com\/index.php?rest_route=\/wp\/v2\/pages\/21\/revisions"}],"predecessor-version":[{"id":121,"href":"http:\/\/liftfuture.com\/index.php?rest_route=\/wp\/v2\/pages\/21\/revisions\/121"}],"wp:attachment":[{"href":"http:\/\/liftfuture.com\/index.php?rest_route=%2Fwp%2Fv2%2Fmedia&parent=21"}],"curies":[{"name":"wp","href":"https:\/\/api.w.org\/{rel}","templated":true}]}}